{"id":48,"date":"2023-06-06T21:32:33","date_gmt":"2023-06-06T19:32:33","guid":{"rendered":"https:\/\/cube-it-now.de\/?page_id=48"},"modified":"2024-09-27T23:24:30","modified_gmt":"2024-09-27T21:24:30","slug":"datentraegervernichtung","status":"publish","type":"page","link":"https:\/\/cube-it-now.de\/?page_id=48","title":{"rendered":"Datentr\u00e4gervernichtung"},"content":{"rendered":"\n<div class=\"wp-block-columns is-layout-flex wp-container-core-columns-is-layout-9d6595d7 wp-block-columns-is-layout-flex\">\n<div class=\"wp-block-column is-layout-flow wp-block-column-is-layout-flow\">\n<p>Datenschutz ist von h\u00f6chster Bedeutung. CUBE-IT-NOW bietet zertifizierte, DSGVO-konforme Datentr\u00e4gervernichtung, um sicherzustellen, dass sensible Informationen sicher und endg\u00fcltig gel\u00f6scht werden.<\/p>\n<\/div>\n\n\n\n<div class=\"wp-block-column is-vertically-aligned-stretch is-layout-flow wp-block-column-is-layout-flow\">\n<figure class=\"wp-block-image size-large is-resized\"><img loading=\"lazy\" decoding=\"async\" width=\"1024\" height=\"683\" src=\"https:\/\/cube-it-now.de\/wp-content\/uploads\/2024\/09\/pexels-bohed-117729-1024x683.jpg\" alt=\"\" class=\"wp-image-353\" style=\"width:250px\"\/><\/figure>\n<\/div>\n<\/div>\n\n\n\n<h3 class=\"wp-block-heading\"><strong>Dienstleistungen<\/strong>:<\/h3>\n\n\n\n<ol class=\"wp-block-list\">\n<li><strong>Datenl\u00f6schung<\/strong>: Wir bieten zertifizierte Datenl\u00f6schung nach h\u00f6chsten Sicherheitsstandards an.<\/li>\n\n\n\n<li><strong>Physische Vernichtung<\/strong>: Durch den Einsatz moderner Technologien zerst\u00f6ren wir Festplatten, USB-Sticks und andere Datentr\u00e4ger unwiderruflich.<\/li>\n<\/ol>\n\n\n\n<div style=\"height:41px\" aria-hidden=\"true\" class=\"wp-block-spacer\"><\/div>\n\n\n\n<h3 class=\"wp-block-heading\"><strong>Vorteile der DSGVO-konformen Vernichtung<\/strong>:<\/h3>\n\n\n\n<ul class=\"wp-block-list\">\n<li>Vollst\u00e4ndige Vernichtung nach gesetzlichen Vorgaben<\/li>\n\n\n\n<li>Schutz vor Datenmissbrauch<\/li>\n\n\n\n<li>Zertifikate f\u00fcr die Nachweispflicht<\/li>\n<\/ul>\n\n\n\n<h3 class=\"wp-block-heading\"><strong>Unserer Vorgehensweise:<\/strong><\/h3>\n\n\n\n<ol class=\"wp-block-list\">\n<li>Auftragsannahme<\/li>\n\n\n\n<li>Versand der Datentr\u00e4ger an die CUBE-IT-NOW<\/li>\n\n\n\n<li>Protokollierung Wareneingang<\/li>\n\n\n\n<li>Start der DSGVO-konformen Datentr\u00e4gerungl\u00f6schung<\/li>\n\n\n\n<li>Erstellung der Protokolle<\/li>\n\n\n\n<li>Versand der Protokolle an den Kunden<\/li>\n<\/ol>\n\n\n\n<h3 class=\"wp-block-heading\"><strong>Kosten<\/strong><\/h3>\n\n\n\n<p>Wir berechnen 15 Euro pro Datentr\u00e4ger. Kosten f\u00fcr die Abholung \u00fcbernehmen wir ab 5 Datentr\u00e4gern.<br><\/p>\n\n\n\n<div style=\"height:41px\" aria-hidden=\"true\" class=\"wp-block-spacer\"><\/div>\n\n\n\n<p><\/p>\n\n\n\n<div class=\"wp-block-buttons is-layout-flex wp-block-buttons-is-layout-flex\">\n<div class=\"wp-block-button\"><a class=\"wp-block-button__link wp-element-button\" href=\"mailto:info@cube-it-now.de\">Anfrage senden<\/a><\/div>\n<\/div>\n","protected":false},"excerpt":{"rendered":"<p>Datenschutz ist von h\u00f6chster Bedeutung. CUBE-IT-NOW bietet zertifizierte, DSGVO-konforme Datentr\u00e4gervernichtung, um sicherzustellen, dass sensible Informationen sicher und endg\u00fcltig gel\u00f6scht werden. Dienstleistungen: Vorteile der DSGVO-konformen Vernichtung: Unserer Vorgehensweise: Kosten Wir berechnen&hellip;<\/p>\n","protected":false},"author":1,"featured_media":0,"parent":0,"menu_order":0,"comment_status":"closed","ping_status":"closed","template":"templates\/template-page-full-width.php","meta":{"footnotes":""},"class_list":["post-48","page","type-page","status-publish","hentry"],"jetpack_sharing_enabled":true,"_links":{"self":[{"href":"https:\/\/cube-it-now.de\/index.php?rest_route=\/wp\/v2\/pages\/48","targetHints":{"allow":["GET"]}}],"collection":[{"href":"https:\/\/cube-it-now.de\/index.php?rest_route=\/wp\/v2\/pages"}],"about":[{"href":"https:\/\/cube-it-now.de\/index.php?rest_route=\/wp\/v2\/types\/page"}],"author":[{"embeddable":true,"href":"https:\/\/cube-it-now.de\/index.php?rest_route=\/wp\/v2\/users\/1"}],"replies":[{"embeddable":true,"href":"https:\/\/cube-it-now.de\/index.php?rest_route=%2Fwp%2Fv2%2Fcomments&post=48"}],"version-history":[{"count":5,"href":"https:\/\/cube-it-now.de\/index.php?rest_route=\/wp\/v2\/pages\/48\/revisions"}],"predecessor-version":[{"id":356,"href":"https:\/\/cube-it-now.de\/index.php?rest_route=\/wp\/v2\/pages\/48\/revisions\/356"}],"wp:attachment":[{"href":"https:\/\/cube-it-now.de\/index.php?rest_route=%2Fwp%2Fv2%2Fmedia&parent=48"}],"curies":[{"name":"wp","href":"https:\/\/api.w.org\/{rel}","templated":true}]}}