{"id":37,"date":"2023-06-06T21:25:58","date_gmt":"2023-06-06T19:25:58","guid":{"rendered":"https:\/\/cube-it-now.de\/?page_id=37"},"modified":"2023-06-10T09:58:52","modified_gmt":"2023-06-10T07:58:52","slug":"datenschutzerklaerung","status":"publish","type":"page","link":"https:\/\/cube-it-now.de\/?page_id=37","title":{"rendered":"Datenschutzerkl\u00e4rung"},"content":{"rendered":"<p>Webseiten-Datenschutzerkl\u00e4rung und zugleich Information der Betroffenen gem\u00e4\u00df Artikel 13 und Artikel 14 EU-Datenschutzgrundverordnung<\/p>\n<p>Allgemeine Angaben<\/p>\n<p>Angaben zur Verantwortlichen Stelle<br \/>\nUnternehmen: CubeItNow GmbH<br \/>\nGesetzlicher Vertreter: Michael Sch\u00e4fer<br \/>\nAdresse: Albstr. 46, 86368 Gesthofen<br \/>\nKontaktdaten Datenschutzbeauftragter: info@cube-it-now.de<\/p>\n<p>&nbsp;<\/p>\n<p>Betroffene Daten:<\/p>\n<p>Personenbezogene Daten werden nur erhoben, wenn Sie uns diese von sich aus mitteilen. Dar\u00fcber hinaus werden keine personenbezogenen Daten erhoben. Eine \u00fcber die Reichweite der gesetzlichen Erlaubnistatbest\u00e4nde hinausgehende Verarbeitung Ihrer personenbezogenen Daten erfolgt nur auf Grundlage Ihrer ausdr\u00fccklichen Einwilligung.<\/p>\n<p>Verarbeitungszweck: Vertragsdurchf\u00fchrung.<\/p>\n<p>Kategorien von Empf\u00e4ngern: \u00d6ffentliche Stellen bei Vorliegen vorrangiger Rechtsvorschriften.<br \/>\nExterne Dienstleister oder sonstige Auftragnehmer. Weitere externe Stellen soweit der Betroffene seine Einwilligung erteilt hat oder eine \u00dcbermittlung aus \u00fcberwiegendem Interesse zul\u00e4ssig ist.<\/p>\n<p>Drittlandtransfers: Im Rahmen der Vertragsdurchf\u00fchrung k\u00f6nnen auch Auftragsverarbeiter au\u00dferhalb der Europ\u00e4ischen Union zum Einsatz kommen.<\/p>\n<p>Dauer Datenspeicherung: Die Dauer der Datenspeicherung richtet sich nach den gesetzlichen Aufbewahrungspflichten und betr\u00e4gt in der Regel 10 Jahre.<br \/>\nSpezifische Angaben zur Webseite<br \/>\nEinsatz eines Newsletters<\/p>\n<p>Im Rahmen der Registrierung unseres Newsletters teilen Sie uns Ihre E-Mail-Adresse und optional weitere Daten mit. Diese Angaben verwenden wir ausschlie\u00dflich, um Ihnen den Newsletter zuzusenden. Ihre bei der Newsletter-Anmeldung eingegebenen Daten bleiben bei uns gespeichert, bis Sie sich wieder von unserem Newsletter abmelden. Eine Abmeldung ist jederzeit \u00fcber den daf\u00fcr vorgesehenen Link im Newsletter oder eine entsprechende Mitteilung an uns m\u00f6glich. Mit der Abmeldung widersprechen Sie der Nutzung Ihrer E-Mail-Adresse.<br \/>\nIhre E-Mailadresse, die wir im Zusammenhang mit dem Verkauf einer Ware oder Dienstleistung erhalten, nutzen wir dar\u00fcber hinaus ausschlie\u00dflich f\u00fcr Direktwerbung in Form unseres Newsletters f\u00fcr eigene \u00e4hnliche Waren oder Dienstleistungen, wie die von Ihnen bestellten, sofern Sie dieser Verwendung nicht widersprochen haben. Sie k\u00f6nnen der Verwendung Ihrer E-Mail-Adresse jederzeit widersprechen, ohne dass hierf\u00fcr andere als die \u00dcbermittlungskosten nach den Basistarifen entstehen. Ihr Widerspruch (und damit die Abbestellung unseres Newsletters) kann durch entsprechende Nachricht an unsere E-Mail-Adresse (siehe Impressum) ausge\u00fcbt werden.<\/p>\n<p>Einsatz von Kontakt- und Registrierungsformularen<\/p>\n<p>Auf dieser Website geben wir Ihnen in mehreren Bereichen die M\u00f6glichkeit uns durch Formulare Anfragen und Anmeldungen zu senden. Diese Formulare sind teilweise z.B. Eventanmeldungen nur tempor\u00e4r verf\u00fcgbar. Ihre Anfragen werden jeweils an die entsprechende Fachabteilung weitergeleitet und dort verarbeitet. Die in den Formularen erhobenen personenbezogenen Daten verwenden und speichern wir ausschlie\u00dflich um Ihre Anfragen zu bearbeiten. Ferner werden wir Ihre personenbezogenen Daten Dritten nicht zur Verf\u00fcgung stellen, es sei denn, dies ist zum Zwecke der Abwicklung Ihrer Anfrage erforderlich (z.B. Weitergabe an Lieferanten) oder Sie haben hierzu ausdr\u00fccklich Ihre Einwilligung erteilt. Eine von Ihnen erteilte Einwilligung k\u00f6nnen Sie jederzeit widerrufen.<br \/>\nDiese Typen von Formularen werden verwendet:<\/p>\n<ol>\n<li>a) Allgemeines Kontaktformular<\/li>\n<\/ol>\n<p>Google AdWords Conversion Tracking<\/p>\n<p>Diese Webseite benutzt Google AdWords Conversion Tracking, einen Webanalysedienst der Google Inc. (\u201eGoogle\u201c). Google AdWords Conversion Tracking verwendet ebenfalls \u201eCookies\u201c, die auf Ihrem Computer gespeichert werden und die eine Analyse der Benutzung der Webseite durch Sie erm\u00f6glichen. Die durch den Cookie erzeugten Informationen \u00fcber Ihre Benutzung dieser Webseite werden an einen Server von Google in den USA \u00fcbertragen und dort gespeichert. Google wird diese Informationen benutzen, um Ihre Nutzung der Webseite auszuwerten, um Reports \u00fcber die Webseitenaktivit\u00e4ten f\u00fcr die Webseitenbetreiber zusammenzustellen und um weitere mit der Webseitennutzung und der Internetnutzung verbundene Dienstleistungen zu erbringen. Auch wird Google diese Informationen gegebenenfalls an Dritte \u00fcbertragen, sofern dies gesetzlich vorgeschrieben oder soweit Dritte diese Daten im Auftrag von Google verarbeiten. Google wird in keinem Fall die Daten mit anderen Daten von Google in Verbindung bringen. Sie k\u00f6nnen die Verwendung von Cookies generell verhindern, wenn Sie in Ihrem Browser die Speicherung von Cookies untersagen.<\/p>\n<p>Einsatz von AddThis<\/p>\n<p>Diese Webseite verwendet Social Plugins der Add This, LLC, 8000 Westpark Dr., Suite 625, McLean, VA 22102 (im Folgenden \u201eAddThis\u201c). Wenn Sie einen Button in einem solchen Plugin von AddThis bet\u00e4tigen, baut Ihr Browser eine direkte Verbindung mit den Servern von AddThis und ggf. dem gew\u00e4hlten sozialen Netzwerk auf. Dadurch erh\u00e4lt AddThis die Information, dass Sie die entsprechende Seite unseres Internetauftritts aufgerufen haben. Der Webseitenbetreiber hat keinen Einfluss auf Art und Umfang der erhobenen und an AddThis und ggfs. die sozialen Netzwerke \u00fcbermittelten Daten.<\/p>\n<p>Einsatz eigener \u201eCookies\u201c<\/p>\n<p>Diese Webseite verwendet eigene \u201eCookies\u201c, um die Benutzerfreundlichkeit zu erh\u00f6hen (\u201eCookies\u201c sind Datens\u00e4tze, die vom Webserver an den Browser des Nutzers gesandt und dort f\u00fcr einen sp\u00e4teren Abruf gespeichert werden). In unseren eigenen \u201eCookies\u201c werden keinerlei personenbezogene Daten gespeichert. Sie k\u00f6nnen die Verwendung von \u201eCookies\u201c generell verhindern, wenn Sie in Ihrem Browser die Speicherung von \u201eCookies\u201c untersagen.<\/p>\n<p>Cookies von Drittanbietern<\/p>\n<p>Auf den Internet-Seiten der CubeItNow GmbH werden Dienste von Drittanbietern eingesetzt, die unter Umst\u00e4nden ebenfalls Cookies setzen. Dazu geh\u00f6ren YouTube, GoogleMaps und der Dienst AddThis, zum Empfehlen von Seiten in sozialen Netzwerken. Diese Funktionen sind gesondert gekennzeichnet und beim Laden von Seiten zun\u00e4chst deaktiviert.<br \/>\nMit der Aktivierung akzeptieren Sie die Datenschutzbestimmungen des jeweiligen Anbieters. Die CubeItNow GmbH ist weder f\u00fcr Inhalte, noch f\u00fcr die durch den Drittanbieter durchgef\u00fchrte Verarbeitung Ihrer Daten verantwortlich. Die alleinige Verantwortung liegt beim jeweiligen Drittanbieter. F\u00fcr eventuell entstandene Sch\u00e4den haftet die CubeItNow GmbH nicht.<\/p>\n<p>Einsatz von Google Analytics<\/p>\n<p>Diese Website benutzt Google Analytics, einen Webanalysedienst der Google Inc. (\u201eGoogle\u201c). Google Analytics verwendet sog. \u201eCookies\u201c, Textdateien, die auf Ihrem Computer gespeichert werden und die eine Analyse der Benutzung der Website durch Sie erm\u00f6glichen. Die durch den Cookie erzeugten Informationen \u00fcber Ihre Benutzung dieser Website werden in der Regel an einen Server von Google in den USA \u00fcbertragen und dort gespeichert. Im Falle der Aktivierung der IP-Anonymisierung auf dieser Webseite, wird Ihre IP-Adresse von Google jedoch innerhalb von Mitgliedstaaten der Europ\u00e4ischen Union oder in anderen Vertragsstaaten des Abkommens \u00fcber den Europ\u00e4ischen Wirtschaftsraum zuvor gek\u00fcrzt. Nur in Ausnahmef\u00e4llen wird die volle IP-Adresse an einen Server von Google in den USA \u00fcbertragen und dort gek\u00fcrzt. Im Auftrag des Betreibers dieser Website wird Google diese Informationen benutzen, um Ihre Nutzung der Website auszuwerten, um Reports \u00fcber die Websiteaktivit\u00e4ten zusammenzustellen und um weitere mit der Websitenutzung und der Internetnutzung verbundene Dienstleistungen gegen\u00fcber dem Websitebetreiber zu erbringen. Die im Rahmen von Google Analytics von Ihrem Browser \u00fcbermittelte IP-Adresse wird nicht mit anderen Daten von Google zusammengef\u00fchrt. Sie k\u00f6nnen die Speicherung der Cookies durch eine entsprechende Einstellung Ihrer Browser-Software verhindern; wir weisen Sie jedoch darauf hin, dass Sie in diesem Fall gegebenenfalls nicht s\u00e4mtliche Funktionen dieser Website vollumf\u00e4nglich werden nutzen k\u00f6nnen. Sie k\u00f6nnen dar\u00fcber hinaus die Erfassung der durch das Cookie erzeugten und auf Ihre Nutzung der Website bezogenen Daten (inkl. Ihrer IP-Adresse) an Google sowie die Verarbeitung dieser Daten durch Google verhindern, indem den untenstehenden Link klicken. (Browser-Plugin). Angesichts der Diskussion um den Einsatz von Analysetools mit vollst\u00e4ndigen IP-Adressen m\u00f6chten wir darauf hinweisen, dass diese Website Google Analytics mit der Erweiterung \u201e_anonymizeIp()\u201c verwendet und daher IP-Adressen nur gek\u00fcrzt weiterverarbeitet werden, um eine direkte Personenbeziehbarkeit auszuschlie\u00dfen.<br \/>\nGoogle Analytics deaktivieren<br \/>\nAngaben zu weiteren Datenverarbeitungsverfahren<br \/>\nSpezifische Angaben zum Bewerbungsverfahren<\/p>\n<p>Betroffene Daten: Bewerbungsangaben<br \/>\nVerarbeitungszweck: Durchf\u00fchrung Bewerbungsverfahren<br \/>\nKategorien von Empf\u00e4ngern: \u00d6ffentliche Stellen bei Vorliegen vorrangiger Rechtsvorschriften.<br \/>\nExterne Dienstleister oder sonstige Auftragnehmer., u.a. zur Datenverarbeitung und Hosting.<br \/>\nWeitere externe Stellen soweit der Betroffene seine Einwilligung erteilt hat oder eine \u00dcbermittlung aus \u00fcberwiegendem Interesse zul\u00e4ssig ist, u.a. Kunden und Interessenten im Rahmen der Auftragsakquise.<br \/>\nDrittlandtransfers: Dies ist nicht der Fall.<br \/>\nDauer Datenspeicherung: Bewerbungsdaten werden nach Mitteilung der Entscheidung in der Regel binnen vier Monaten gel\u00f6scht, soweit nicht eine Einwilligung in eine l\u00e4ngere Datenspeicherung im Rahmen der Aufnahme in den Bewerberpool vorliegt.<\/p>\n<p>Spezifische Angaben zur Verarbeitung von Kundendaten\/Interessentendaten<\/p>\n<p>Betroffene Daten: Zur Vertragsdurchf\u00fchrung mitgeteilte Daten; ggfs. dar\u00fcber hinaus gehende Daten zur Verarbeitung auf Basis Ihrer ausdr\u00fccklichen Einwilligung.<br \/>\nVerarbeitungszweck: Vertragsdurchf\u00fchrung, u.a. Angebote, Auftr\u00e4ge, Verkauf und Rechnungsstellung, Qualit\u00e4tssicherung<br \/>\nKategorien von Empf\u00e4ngern: \u00d6ffentliche Stellen bei Vorliegen vorrangiger Rechtsvorschriften<br \/>\nExterne Dienstleister oder sonstige Auftragnehmer, u.a. zur Datenverarbeitung und Hosting, f\u00fcr Versand, Transport und Logistik, Dienstleister zum Druck und Versand von Informationen und Call Center.<br \/>\nWeitere externe Stellen soweit der Betroffene seine Einwilligung erteilt hat oder eine \u00dcbermittlung aus \u00fcberwiegendem Interesse zul\u00e4ssig ist, u.a. zur Bonit\u00e4tsauskunft bei Kauf auf Rechnung, zum elektronischen Versand von Informationen, zu Qualit\u00e4tssicherungszwecken.<br \/>\nDrittlandtransfers: Dies ist nicht der Fall.<br \/>\nDauer Datenspeicherung: Die Dauer der Datenspeicherung richtet sich nach den gesetzlichen Aufbewahrungspflichten und betr\u00e4gt in der Regel 10 Jahre.<\/p>\n<p>Spezifische Angaben zur Verarbeitung von Besch\u00e4ftigtendaten<\/p>\n<p>Betroffene Daten: Zur Vertragsdurchf\u00fchrung mitgeteilte Daten; ggfs. dar\u00fcber hinaus gehende Daten zur Verarbeitung auf Basis Ihrer ausdr\u00fccklichen Einwilligung.<br \/>\nVerarbeitungszweck: Vertragsdurchf\u00fchrung im Rahmen des Besch\u00e4ftigungsverh\u00e4ltnisses<br \/>\nKategorien von Empf\u00e4ngern: \u00d6ffentliche Stellen bei Vorliegen vorrangiger Rechtsvorschriften, u.a. Finanzamt, Sozialversicherungstr\u00e4ger, Berufsgenossenschaft<br \/>\nExterne Dienstleister oder sonstige Auftragnehmer, u.a. zur Datenverarbeitung und Hosting, zur Entgeltabrechnung, zur Reisekostenabrechnung, zu Versicherungsleistungen, zur Fahrzeugnutzung.<br \/>\nWeitere externe Stellen soweit der Betroffene seine Einwilligung erteilt hat oder eine \u00dcbermittlung aus \u00fcberwiegendem Interesse zul\u00e4ssig ist, u.a. zur Auftragsakquise, zu Versicherungsleistungen.<br \/>\nDrittlandtransfers: Dies ist nicht der Fall.<br \/>\nDauer Datenspeicherung: Die Dauer der Datenspeicherung richtet sich nach den gesetzlichen Aufbewahrungspflichten und betr\u00e4gt in der Regel 10 Jahre.<\/p>\n<p>Spezifische Angaben zur Verarbeitung von Lieferantendaten<\/p>\n<p>Betroffene Daten: Zur Vertragsdurchf\u00fchrung mitgeteilte Daten; ggfs. dar\u00fcber hinaus gehende Daten zur Verarbeitung auf Basis Ihrer ausdr\u00fccklichen Einwilligung.<br \/>\nVerarbeitungszweck: Vertragsdurchf\u00fchrung, u.a. Anfragen, Einkauf, Qualit\u00e4tssicherung<br \/>\nKategorien von Empf\u00e4ngern: \u00d6ffentliche Stellen bei Vorliegen vorrangiger Rechtsvorschriften, u.a. Finanzamt, Zoll.<br \/>\nExterne Dienstleister oder sonstige Auftragnehmer, u.a. zur Datenverarbeitung und Hosting, Buchhaltung, Zahlungsabwicklung.<br \/>\nWeitere externe Stellen soweit der Betroffene seine Einwilligung erteilt hat oder eine \u00dcbermittlung aus \u00fcberwiegendem Interesse zul\u00e4ssig ist.<br \/>\nDrittlandtransfers: Dies ist nicht der Fall.<br \/>\nDauer Datenspeicherung: Die Dauer der Datenspeicherung richtet sich nach den gesetzlichen Aufbewahrungspflichten und betr\u00e4gt in der Regel 10 Jahre.<\/p>\n<p>Weitere Informationen und Kontakte<br \/>\nDar\u00fcber hinaus k\u00f6nnen Sie jederzeit ihre Anspr\u00fcche auf Auskunft, Berichtigung oder L\u00f6schung oder auf Einschr\u00e4nkung der Verarbeitung oder der Wahrnehmung Ihres Widerspruchsrechts gegen die Verarbeitung sowie das Recht auf Daten\u00fcbertragbarkeit geltend machen. Hier finden Sie die M\u00f6glichkeit, uns per E-Mail oder Brief [bitte individuell verlinken i.d.R. Impressum] zu kontaktieren. Sie haben ferner das Recht, sich bei Beschwerden an die Datenschutz-Aufsichtsbeh\u00f6rde zu wenden.<\/p>\n<p>&nbsp;<\/p>\n","protected":false},"excerpt":{"rendered":"<p>Webseiten-Datenschutzerkl\u00e4rung und zugleich Information der Betroffenen gem\u00e4\u00df Artikel 13 und Artikel 14 EU-Datenschutzgrundverordnung Allgemeine Angaben Angaben zur Verantwortlichen Stelle Unternehmen: CubeItNow GmbH Gesetzlicher Vertreter: Michael Sch\u00e4fer Adresse: Albstr. 46, 86368&hellip;<\/p>\n","protected":false},"author":1,"featured_media":0,"parent":0,"menu_order":0,"comment_status":"closed","ping_status":"closed","template":"","meta":{"footnotes":""},"class_list":["post-37","page","type-page","status-publish","hentry"],"jetpack_sharing_enabled":true,"_links":{"self":[{"href":"https:\/\/cube-it-now.de\/index.php?rest_route=\/wp\/v2\/pages\/37","targetHints":{"allow":["GET"]}}],"collection":[{"href":"https:\/\/cube-it-now.de\/index.php?rest_route=\/wp\/v2\/pages"}],"about":[{"href":"https:\/\/cube-it-now.de\/index.php?rest_route=\/wp\/v2\/types\/page"}],"author":[{"embeddable":true,"href":"https:\/\/cube-it-now.de\/index.php?rest_route=\/wp\/v2\/users\/1"}],"replies":[{"embeddable":true,"href":"https:\/\/cube-it-now.de\/index.php?rest_route=%2Fwp%2Fv2%2Fcomments&post=37"}],"version-history":[{"count":2,"href":"https:\/\/cube-it-now.de\/index.php?rest_route=\/wp\/v2\/pages\/37\/revisions"}],"predecessor-version":[{"id":168,"href":"https:\/\/cube-it-now.de\/index.php?rest_route=\/wp\/v2\/pages\/37\/revisions\/168"}],"wp:attachment":[{"href":"https:\/\/cube-it-now.de\/index.php?rest_route=%2Fwp%2Fv2%2Fmedia&parent=37"}],"curies":[{"name":"wp","href":"https:\/\/api.w.org\/{rel}","templated":true}]}}