{"id":368,"date":"2025-01-20T20:54:00","date_gmt":"2025-01-20T19:54:00","guid":{"rendered":"https:\/\/cube-it-now.de\/?page_id=368"},"modified":"2025-01-29T21:57:20","modified_gmt":"2025-01-29T20:57:20","slug":"wlan-koffer","status":"publish","type":"page","link":"https:\/\/cube-it-now.de\/?page_id=368","title":{"rendered":"WLAN Koffer"},"content":{"rendered":"\n<p>Unserer Erfahrung und nach eindeutigen Kundenwunsch haben wir in Zusammenarbeit mit der Zooom Reisefahrzeuge Manufaktur eine mobile Internetl\u00f6sung erarbeitet.<\/p>\n\n\n\n<div class=\"wp-block-group\"><div class=\"wp-block-group__inner-container is-layout-constrained wp-block-group-is-layout-constrained\">\n<p><a href=\"https:\/\/cube-it-now.de\/wp-content\/uploads\/2025\/01\/WLAN-Koffer.pdf\" data-type=\"attachment\" data-id=\"391\">DOWNLOAD WLAN-Koffer Dokumentation<\/a><\/p>\n<\/div><\/div>\n\n\n\n<p>In folgende Bereichen ist der WLAN Koffer bereits im Einsatz:<\/p>\n\n\n\n<ul class=\"wp-block-list\">\n<li>&#8211; Camper und Reisende<\/li>\n\n\n\n<li>&#8211; Mobile Worker<\/li>\n\n\n\n<li>&#8211; Veranstaltungen<\/li>\n\n\n\n<li>&#8211; Outdoor-Enthusiasten<\/li>\n\n\n\n<li>&#8211; Familienreisen<\/li>\n\n\n\n<li>&#8211; IT &#8211; Notf\u00e4lle<\/li>\n<\/ul>\n\n\n\n<p><strong>Anleitung\/Dokumentation:<\/strong><\/p>\n\n\n\n<ol class=\"wp-block-list\">\n<li>SIM-Karte einlegen<\/li>\n\n\n\n<li>Stromversorgung herstellen<br>230V Steckdose, oder 12V Stecker f\u00fcr das Auto<\/li>\n\n\n\n<li>Antennen anbringen, ggf. Au\u00dfenantenne installieren<\/li>\n\n\n\n<li>WLAN Verbindung herstellen, SSID und Passwort sind auf der Unterseite des Routers eingraviert<br>Man kann sich auf mit dem QR-Code mit dem WLAN verbinden<\/li>\n\n\n\n<li>Falls die SIM-Karte eine PIN Eingabe ben\u00f6tigt, muss diese einmalig am Router erfolgen\n<ul class=\"wp-block-list\">\n<li>Browser \u00f6ffnen, dass kann am Notebook oder auch am Smartphone\/Tablet erfolgen<br><\/li>\n\n\n\n<li>\u00d6ffne die Seite http:\/\/192.168.1.1<\/li>\n\n\n\n<li>Die Anmeldedaten sind ebenfalls auf der Unterseite des Routers eingraviert<br><\/li>\n<\/ul>\n<\/li>\n\n\n\n<li>Der Start des Router inkl. Aufbau der Internetverbindung dauert ca. 2 Minuten.<\/li>\n<\/ol>\n\n\n\n<p>Auf der Unterseite des Ger\u00e4tes finden Sie die individuellen Einstellungen des Ger\u00e4tes. <br>Diese sind bereits vom Werk aus vor eingestellt. <\/p>\n\n\n\n<p>WIFI SSID: Das ist der WLAN-Name, welcher ausgestrahlt wird. Diesen m\u00fcssen Sie ausw\u00e4hlen wenn Sie sich mit einem Ger\u00e4t mittels WLAN Verbinden m\u00f6chten.<br>WIFI PASSWORD: ist das zugeh\u00f6rige Passwort. <br>Den Name sowie das Passwort kann im \u00fcber die Weboberfl\u00e4che anpassen. <br>Auf der rechten Seite ist ein QR-Code angebracht. Diesen kann man nutzen um sich z.B. mit dem Smartphone oder einem Tablet \u00fcber die Kamera-App mit dem WLAN Verbinden zu k\u00f6nnen. <br>Das funktioniert nur, wenn der Name und das Passwort nicht angepasst werden.<\/p>\n\n\n\n<figure class=\"wp-block-image size-full\"><img loading=\"lazy\" decoding=\"async\" width=\"654\" height=\"671\" src=\"https:\/\/cube-it-now.de\/wp-content\/uploads\/2025\/01\/image.png\" alt=\"\" class=\"wp-image-384\" srcset=\"https:\/\/cube-it-now.de\/wp-content\/uploads\/2025\/01\/image.png 654w, https:\/\/cube-it-now.de\/wp-content\/uploads\/2025\/01\/image-292x300.png 292w\" sizes=\"auto, (max-width: 654px) 100vw, 654px\" \/><\/figure>\n\n\n\n<p>Wenn man sich mit dem WLAN Verbunden hat bzw. das Netzwerkkabel in die LAN-Buchse gesteckt hat, bekommt man automatisch eine lokale IP Adresse aus dem Netz 192.168.1.0 zugewiesen.<\/p>\n\n\n\n<p>Die Weboberfl\u00e4che des Routers erreicht man mit folgender Adresse: https:\/\/192.168.1.1<\/p>\n\n\n\n<p>Die Login-Daten stehen auf der Unterseite des Routers.<\/p>\n\n\n\n<figure class=\"wp-block-image size-large\"><img loading=\"lazy\" decoding=\"async\" width=\"1024\" height=\"790\" src=\"https:\/\/cube-it-now.de\/wp-content\/uploads\/2025\/01\/2025-01-26-21_52_40-Neuer-InPrivate-Tab-InPrivate-\u2013-Microsoft\u200b-Edge-1024x790.png\" alt=\"\" class=\"wp-image-380\" srcset=\"https:\/\/cube-it-now.de\/wp-content\/uploads\/2025\/01\/2025-01-26-21_52_40-Neuer-InPrivate-Tab-InPrivate-\u2013-Microsoft\u200b-Edge-1024x790.png 1024w, https:\/\/cube-it-now.de\/wp-content\/uploads\/2025\/01\/2025-01-26-21_52_40-Neuer-InPrivate-Tab-InPrivate-\u2013-Microsoft\u200b-Edge-300x232.png 300w, https:\/\/cube-it-now.de\/wp-content\/uploads\/2025\/01\/2025-01-26-21_52_40-Neuer-InPrivate-Tab-InPrivate-\u2013-Microsoft\u200b-Edge-768x593.png 768w, https:\/\/cube-it-now.de\/wp-content\/uploads\/2025\/01\/2025-01-26-21_52_40-Neuer-InPrivate-Tab-InPrivate-\u2013-Microsoft\u200b-Edge-600x463.png 600w, https:\/\/cube-it-now.de\/wp-content\/uploads\/2025\/01\/2025-01-26-21_52_40-Neuer-InPrivate-Tab-InPrivate-\u2013-Microsoft\u200b-Edge.png 1429w\" sizes=\"auto, (max-width: 1024px) 100vw, 1024px\" \/><\/figure>\n\n\n\n<p>Bei der ersten Anmeldung muss man ein eigenes Passwort festlegen.<br>Dieses muss mindestens 8 Zeichen enthalten.<\/p>\n\n\n\n<p>Falls die SIM-Karte einen hinterlegte PIN hat, kann man diese wie folgt in der Weboberfl\u00e4che des Router eingeben:<br>1. Network<br>2. Mobile<br>3. General<br>4. PIN (hier bitte den PIN eintragen)<br>5. Save &amp; Apply <\/p>\n\n\n\n<figure class=\"wp-block-image size-large\"><img loading=\"lazy\" decoding=\"async\" width=\"1024\" height=\"653\" src=\"https:\/\/cube-it-now.de\/wp-content\/uploads\/2025\/01\/2025-01-26-21_58_10-RUT200-Teltonika-Networks-1024x653.png\" alt=\"\" class=\"wp-image-381\" srcset=\"https:\/\/cube-it-now.de\/wp-content\/uploads\/2025\/01\/2025-01-26-21_58_10-RUT200-Teltonika-Networks-1024x653.png 1024w, https:\/\/cube-it-now.de\/wp-content\/uploads\/2025\/01\/2025-01-26-21_58_10-RUT200-Teltonika-Networks-300x191.png 300w, https:\/\/cube-it-now.de\/wp-content\/uploads\/2025\/01\/2025-01-26-21_58_10-RUT200-Teltonika-Networks-768x490.png 768w, https:\/\/cube-it-now.de\/wp-content\/uploads\/2025\/01\/2025-01-26-21_58_10-RUT200-Teltonika-Networks-1536x979.png 1536w, https:\/\/cube-it-now.de\/wp-content\/uploads\/2025\/01\/2025-01-26-21_58_10-RUT200-Teltonika-Networks-2048x1306.png 2048w, https:\/\/cube-it-now.de\/wp-content\/uploads\/2025\/01\/2025-01-26-21_58_10-RUT200-Teltonika-Networks-600x383.png 600w\" sizes=\"auto, (max-width: 1024px) 100vw, 1024px\" \/><\/figure>\n\n\n\n<h2 class=\"wp-block-heading\">Zur\u00fccksetzen:<\/h2>\n\n\n\n<p>Das Ger\u00e4t kann einfach mit dem Reset-Knopf zur\u00fcckgesetzt werden.<br>Hierzu den RESET-Knopf mit einem spitzen Gegenstand, z.B. einem Kugelschreiber f\u00fcr eine Kurze Zeit gedr\u00fcckt halten.<\/p>\n\n\n\n<p>1-5 Sekunden:  Ger\u00e4teneustart<br>6-12 Sekunden: Zur\u00fccksetzen auf pers\u00f6nliche Einstellungen<br>12-20 Sekunden: Zur\u00fccksetzen auf Werkseinstellungen<\/p>\n","protected":false},"excerpt":{"rendered":"<p>Unserer Erfahrung und nach eindeutigen Kundenwunsch haben wir in Zusammenarbeit mit der Zooom Reisefahrzeuge Manufaktur eine mobile Internetl\u00f6sung erarbeitet. DOWNLOAD WLAN-Koffer Dokumentation In folgende Bereichen ist der WLAN Koffer bereits&hellip;<\/p>\n","protected":false},"author":1,"featured_media":0,"parent":0,"menu_order":0,"comment_status":"closed","ping_status":"closed","template":"","meta":{"footnotes":""},"class_list":["post-368","page","type-page","status-publish","hentry"],"jetpack_sharing_enabled":true,"_links":{"self":[{"href":"https:\/\/cube-it-now.de\/index.php?rest_route=\/wp\/v2\/pages\/368","targetHints":{"allow":["GET"]}}],"collection":[{"href":"https:\/\/cube-it-now.de\/index.php?rest_route=\/wp\/v2\/pages"}],"about":[{"href":"https:\/\/cube-it-now.de\/index.php?rest_route=\/wp\/v2\/types\/page"}],"author":[{"embeddable":true,"href":"https:\/\/cube-it-now.de\/index.php?rest_route=\/wp\/v2\/users\/1"}],"replies":[{"embeddable":true,"href":"https:\/\/cube-it-now.de\/index.php?rest_route=%2Fwp%2Fv2%2Fcomments&post=368"}],"version-history":[{"count":5,"href":"https:\/\/cube-it-now.de\/index.php?rest_route=\/wp\/v2\/pages\/368\/revisions"}],"predecessor-version":[{"id":394,"href":"https:\/\/cube-it-now.de\/index.php?rest_route=\/wp\/v2\/pages\/368\/revisions\/394"}],"wp:attachment":[{"href":"https:\/\/cube-it-now.de\/index.php?rest_route=%2Fwp%2Fv2%2Fmedia&parent=368"}],"curies":[{"name":"wp","href":"https:\/\/api.w.org\/{rel}","templated":true}]}}